{"id":352,"date":"2025-10-10T12:32:19","date_gmt":"2025-10-10T15:32:19","guid":{"rendered":"https:\/\/ead.pet\/secadorapet\/?post_type=product&#038;p=352"},"modified":"2025-10-10T12:32:20","modified_gmt":"2025-10-10T15:32:20","slug":"maquina-de-secar-pet-dual-force-usada","status":"publish","type":"product","link":"https:\/\/ead.pet\/secadorapet\/produto\/maquina-de-secar-pet-dual-force-usada\/","title":{"rendered":"M\u00e1quina de secar Pet dual force &#8211; Usada"},"content":{"rendered":"<div class=\"hp-block hp-listing__attributes hp-listing__attributes--secondary\">\n<div class=\"hp-row\">\n<div class=\"hp-col-lg-6 hp-col-xs-12\">\n<div class=\"hp-listing__attribute hp-listing__attribute--cor\">Cor: Azul<\/div>\n<\/div>\n<div class=\"hp-col-lg-6 hp-col-xs-12\">\n<div class=\"hp-listing__attribute hp-listing__attribute--cidade\">Local: Florian\u00f3polis &#8211; SC<\/div>\n<\/div>\n<div class=\"hp-col-lg-6 hp-col-xs-12\">\n<div class=\"hp-listing__attribute hp-listing__attribute--marca-2\">Atacama<\/div>\n<\/div>\n<div class=\"hp-col-lg-6 hp-col-xs-12\">\n<div class=\"hp-listing__attribute hp-listing__attribute--whatsapp\">WhatsApp: 11-999977641<\/div>\n<\/div>\n<\/div>\n<\/div>\n<div class=\"hp-listing__description\">\n<p>Equipamento de banho e tosa ATACAMA DUO FORCE em \u00f3timo estado de conserva\u00e7\u00e3o.<br \/>\nUma das maiores e melhores maquinas do mercado!<br \/>\nParcelo no cart\u00e3o com taxas da maquininha<\/p>\n<p>N\u00e3o inclui pre\u00e7o do frete.<\/p>\n<\/div>\n","protected":false},"excerpt":{"rendered":"<p>Cor: Azul Local: Florian\u00f3polis &#8211; SC Atacama WhatsApp: 11-999977641 Equipamento de banho e tosa ATACAMA DUO FORCE em \u00f3timo estado de conserva\u00e7\u00e3o. Uma das maiores e melhores maquinas do mercado! Parcelo no cart\u00e3o com taxas da maquininha N\u00e3o inclui pre\u00e7o do frete.<\/p>\n","protected":false},"featured_media":183,"comment_status":"open","ping_status":"closed","template":"","meta":[],"product_brand":[],"product_cat":[31],"product_tag":[],"class_list":{"0":"post-352","1":"product","2":"type-product","3":"status-publish","4":"has-post-thumbnail","6":"product_cat-sem-categoria","8":"first","9":"instock","10":"shipping-taxable","11":"purchasable","12":"product-type-simple"},"_links":{"self":[{"href":"https:\/\/ead.pet\/secadorapet\/wp-json\/wp\/v2\/product\/352","targetHints":{"allow":["GET"]}}],"collection":[{"href":"https:\/\/ead.pet\/secadorapet\/wp-json\/wp\/v2\/product"}],"about":[{"href":"https:\/\/ead.pet\/secadorapet\/wp-json\/wp\/v2\/types\/product"}],"replies":[{"embeddable":true,"href":"https:\/\/ead.pet\/secadorapet\/wp-json\/wp\/v2\/comments?post=352"}],"wp:featuredmedia":[{"embeddable":true,"href":"https:\/\/ead.pet\/secadorapet\/wp-json\/wp\/v2\/media\/183"}],"wp:attachment":[{"href":"https:\/\/ead.pet\/secadorapet\/wp-json\/wp\/v2\/media?parent=352"}],"wp:term":[{"taxonomy":"product_brand","embeddable":true,"href":"https:\/\/ead.pet\/secadorapet\/wp-json\/wp\/v2\/product_brand?post=352"},{"taxonomy":"product_cat","embeddable":true,"href":"https:\/\/ead.pet\/secadorapet\/wp-json\/wp\/v2\/product_cat?post=352"},{"taxonomy":"product_tag","embeddable":true,"href":"https:\/\/ead.pet\/secadorapet\/wp-json\/wp\/v2\/product_tag?post=352"}],"curies":[{"name":"wp","href":"https:\/\/api.w.org\/{rel}","templated":true}]}}