{"id":260,"date":"2025-10-09T16:53:38","date_gmt":"2025-10-09T19:53:38","guid":{"rendered":"https:\/\/ead.pet\/secadorapet\/?post_type=product&#038;p=260"},"modified":"2025-10-13T13:06:11","modified_gmt":"2025-10-13T16:06:11","slug":"maquina-secadora-topline-genesis","status":"publish","type":"product","link":"https:\/\/ead.pet\/secadorapet\/produto\/maquina-secadora-topline-genesis\/","title":{"rendered":"Maquina Secadora TopLine &#8211; Genesis"},"content":{"rendered":"<p>Equipamento robusto, econ\u00f4mico e inovador para secar c\u00e3es e gatos com seguran\u00e7a, rapidez e conforto. Com tecnologia avan\u00e7ada e design inteligente, esta m\u00e1quina profissional foi desenvolvida para transformar a experi\u00eancia de banho e tosa em um processo mais \u00e1gil, silencioso e agrad\u00e1vel para o animal.<\/p>\n<p>Gra\u00e7as aos seus dois motores potentes e exclusivos, a Secadora Pet proporciona uma secagem uniforme e eficiente, sem pontos cegos. O sistema de turbilhonamento de ar distribui o calor de forma controlada, deixando o pelo seco e macio, em poucos minutos, mesmo em c\u00e3es de grande porte (at\u00e9 150 kg).<\/p>\n<p>Com consumo m\u00e9dio de apenas 640W, \u00e9 at\u00e9 65% mais econ\u00f4mica do que secadores profissionais manuais .<\/p>\n<p>Controle de temperatura inteligente<\/p>\n<p>Ajuste preciso da temperatura at\u00e9 35\u00baC, proporcionando m\u00e1ximo conforto e seguran\u00e7a para os pets, sem risco de superaquecimento ou danos \u00e0 pele e aos pelos.<\/p>\n<p>Com capacidade de secar de 10 a 15 animais por hora,<\/p>\n<p>O funcionamento mais silencioso do mercado<\/p>\n<p>Dispon\u00edvel em v\u00e1rias cores<\/p>\n<p>Especifica\u00e7\u00f5es T\u00e9cnicas<\/p>\n<p>Pot\u00eancia Total: 2400W<\/p>\n<p>Consumo M\u00e9dio: 640W<\/p>\n<p><strong>Dimens\u00f5es<\/strong>:<\/p>\n<p>Capacidade m\u00e1xima: at\u00e9 150 kg<\/p>\n<p>Sistema de secagem: Turbilhonamento de ar com dois motores<\/p>\n<p>Controle de temperatura: At\u00e9 35\u00baC<\/p>\n<p>Comprimento: 1,60m<br \/>\nAltura: 1,00m<br \/>\nProfundidade: 0,56cm<\/p>\n","protected":false},"excerpt":{"rendered":"<div class=\"hp-block hp-listing__attributes hp-listing__attributes--secondary\">\n<div class=\"hp-row\">\n<div class=\"hp-col-lg-6 hp-col-xs-12\">\n<div class=\"hp-listing__attribute hp-listing__attribute--cor\">\n<p dir=\"ltr\">Equipamento robusto, econ\u00f4mico e inovador para secar c\u00e3es e gatos com seguran\u00e7a, rapidez e conforto. Com tecnologia avan\u00e7ada e design inteligente, esta m\u00e1quina profissional foi desenvolvida para transformar a experi\u00eancia de banho e tosa em um processo mais \u00e1gil, silencioso e agrad\u00e1vel para o animal.<\/p>\n<p dir=\"ltr\">Gra\u00e7as aos seus dois motores potentes e exclusivos, a Secadora Pet proporciona uma secagem uniforme e eficiente, sem pontos cegos. O sistema de turbilhonamento de ar distribui o calor de forma controlada, deixando o pelo seco e macio, em poucos minutos, mesmo em c\u00e3es de grande porte (at\u00e9 150 kg).<\/p>\n<p dir=\"ltr\">Com consumo m\u00e9dio de apenas 640W, \u00e9 at\u00e9 65% mais econ\u00f4mica do que secadores profissionais manuais .<\/p>\n<p dir=\"ltr\">Controle de temperatura inteligente<\/p>\n<p dir=\"ltr\">Ajuste preciso da temperatura at\u00e9 35\u00baC, proporcionando m\u00e1ximo conforto e seguran\u00e7a para os pets, sem risco de superaquecimento ou danos \u00e0 pele e aos pelos.<\/p>\n<p dir=\"ltr\">Com capacidade de secar de 10 a 15 animais por hora,<\/p>\n<p dir=\"ltr\">O funcionamento mais silencioso do mercado<\/p>\n<p dir=\"ltr\">Dispon\u00edvel em v\u00e1rias cores<\/p>\n<p dir=\"ltr\">Especifica\u00e7\u00f5es T\u00e9cnicas<\/p>\n<p dir=\"ltr\">Pot\u00eancia Total: 2400W<\/p>\n<p dir=\"ltr\">Consumo M\u00e9dio: 640W<\/p>\n<p dir=\"ltr\">Dimens\u00f5es:<\/p>\n<p dir=\"ltr\">Capacidade m\u00e1xima: at\u00e9 150 kg<\/p>\n<p dir=\"ltr\">Sistema de secagem: Turbilhonamento de ar com dois motores<\/p>\n<p dir=\"ltr\">Controle de temperatura: At\u00e9 35\u00baC<\/p>\n<p dir=\"ltr\">Comprimento: 1,60m<\/p>\n<p dir=\"ltr\">Altura: 1,00m<\/p>\n<p dir=\"ltr\">Profundidade: 0,56cm<\/p>\n<\/div>\n<\/div>\n<\/div>\n<\/div>\n","protected":false},"featured_media":363,"comment_status":"open","ping_status":"closed","template":"","meta":[],"product_brand":[],"product_cat":[33],"product_tag":[],"class_list":{"0":"post-260","1":"product","2":"type-product","3":"status-publish","4":"has-post-thumbnail","6":"product_cat-genesis","8":"first","9":"instock","10":"shipping-taxable","11":"product-type-external"},"_links":{"self":[{"href":"https:\/\/ead.pet\/secadorapet\/wp-json\/wp\/v2\/product\/260","targetHints":{"allow":["GET"]}}],"collection":[{"href":"https:\/\/ead.pet\/secadorapet\/wp-json\/wp\/v2\/product"}],"about":[{"href":"https:\/\/ead.pet\/secadorapet\/wp-json\/wp\/v2\/types\/product"}],"replies":[{"embeddable":true,"href":"https:\/\/ead.pet\/secadorapet\/wp-json\/wp\/v2\/comments?post=260"}],"wp:featuredmedia":[{"embeddable":true,"href":"https:\/\/ead.pet\/secadorapet\/wp-json\/wp\/v2\/media\/363"}],"wp:attachment":[{"href":"https:\/\/ead.pet\/secadorapet\/wp-json\/wp\/v2\/media?parent=260"}],"wp:term":[{"taxonomy":"product_brand","embeddable":true,"href":"https:\/\/ead.pet\/secadorapet\/wp-json\/wp\/v2\/product_brand?post=260"},{"taxonomy":"product_cat","embeddable":true,"href":"https:\/\/ead.pet\/secadorapet\/wp-json\/wp\/v2\/product_cat?post=260"},{"taxonomy":"product_tag","embeddable":true,"href":"https:\/\/ead.pet\/secadorapet\/wp-json\/wp\/v2\/product_tag?post=260"}],"curies":[{"name":"wp","href":"https:\/\/api.w.org\/{rel}","templated":true}]}}