{"id":259,"date":"2025-10-09T16:51:30","date_gmt":"2025-10-09T19:51:30","guid":{"rendered":"https:\/\/ead.pet\/secadorapet\/?post_type=product&#038;p=259"},"modified":"2025-10-13T19:41:12","modified_gmt":"2025-10-13T22:41:12","slug":"maquina-secadora-topline-2","status":"publish","type":"product","link":"https:\/\/ead.pet\/secadorapet\/produto\/maquina-secadora-topline-2\/","title":{"rendered":"Maquina Secadora de animais- Genesis &#8211; 1 motor"},"content":{"rendered":"<p dir=\"ltr\" style=\"border: none; margin: 1.12em 0px; padding: 0px; box-sizing: border-box; color: #000000; font-family: Arial; font-size: 13px;\">Equipamento robusto, econ\u00f4mico e inovador para secar c\u00e3es e gatos com seguran\u00e7a, rapidez e conforto. Com tecnologia avan\u00e7ada e design inteligente, esta m\u00e1quina profissional foi desenvolvida para transformar a experi\u00eancia de banho e tosa em um processo mais \u00e1gil, silencioso e agrad\u00e1vel para o animal.<\/p>\n<p dir=\"ltr\" style=\"border: none; margin: 1.12em 0px; padding: 0px; box-sizing: border-box; color: #000000; font-family: Arial; font-size: 13px;\">A Secadora Pet proporciona uma secagem uniforme e eficiente, sem pontos cegos. O sistema de turbilhonamento de ar distribui o calor de forma controlada, deixando o pelo seco e macio, em poucos minutos, mesmo em c\u00e3es de grande porte (at\u00e9 150 kg).<\/p>\n<p dir=\"ltr\" style=\"border: none; margin: 1.12em 0px; padding: 0px; box-sizing: border-box; color: #000000; font-family: Arial; font-size: 13px;\">Com consumo m\u00e9dio de apenas 640W, \u00e9 at\u00e9 65% mais econ\u00f4mica do que secadores profissionais manuais .<\/p>\n<p dir=\"ltr\" style=\"border: none; margin: 1.12em 0px; padding: 0px; box-sizing: border-box; color: #000000; font-family: Arial; font-size: 13px;\"><strong>Controle de temperatura inteligente<\/strong><\/p>\n<p dir=\"ltr\" style=\"border: none; margin: 1.12em 0px; padding: 0px; box-sizing: border-box; color: #000000; font-family: Arial; font-size: 13px;\">Ajuste preciso da temperatura at\u00e9 35\u00baC, proporcionando m\u00e1ximo conforto e seguran\u00e7a para os pets, sem risco de superaquecimento ou danos \u00e0 pele e aos pelos.<\/p>\n<p dir=\"ltr\" style=\"border: none; margin: 1.12em 0px; padding: 0px; box-sizing: border-box; color: #000000; font-family: Arial; font-size: 13px;\">Com capacidade de secar de 10 a 15 animais por hora,<\/p>\n<p dir=\"ltr\" style=\"border: none; margin: 1.12em 0px; padding: 0px; box-sizing: border-box; color: #000000; font-family: Arial; font-size: 13px;\">O funcionamento mais silencioso do mercado<\/p>\n<p dir=\"ltr\" style=\"border: none; margin: 1.12em 0px; padding: 0px; box-sizing: border-box; color: #000000; font-family: Arial; font-size: 13px;\">Dispon\u00edvel em v\u00e1rias cores<\/p>\n<p dir=\"ltr\" style=\"border: none; margin: 1.12em 0px; padding: 0px; box-sizing: border-box; color: #000000; font-family: Arial; font-size: 13px;\">Especifica\u00e7\u00f5es T\u00e9cnicas<\/p>\n<p dir=\"ltr\" style=\"border: none; margin: 1.12em 0px; padding: 0px; box-sizing: border-box; color: #000000; font-family: Arial; font-size: 13px;\">Pot\u00eancia Total: 2400W<\/p>\n<p dir=\"ltr\" style=\"border: none; margin: 1.12em 0px; padding: 0px; box-sizing: border-box; color: #000000; font-family: Arial; font-size: 13px;\">Consumo M\u00e9dio: 640W<\/p>\n<p dir=\"ltr\" style=\"border: none; margin: 1.12em 0px; padding: 0px; box-sizing: border-box; color: #000000; font-family: Arial; font-size: 13px;\">Dimens\u00f5es:<\/p>\n<p dir=\"ltr\" style=\"border: none; margin: 1.12em 0px; padding: 0px; box-sizing: border-box; color: #000000; font-family: Arial; font-size: 13px;\">Capacidade m\u00e1xima: at\u00e9 150 kg<\/p>\n<p dir=\"ltr\" style=\"border: none; margin: 1.12em 0px; padding: 0px; box-sizing: border-box; color: #000000; font-family: Arial; font-size: 13px;\">Controle de temperatura: At\u00e9 35\u00baC<\/p>\n<p dir=\"ltr\" style=\"border: none; margin: 1.12em 0px; padding: 0px; box-sizing: border-box; color: #000000; font-family: Arial; font-size: 13px;\">Comprimento: 1,60m<br style=\"border: none; margin: 0px; padding: 0px; box-sizing: border-box;\" \/>Altura: 1,00m<br style=\"border: none; margin: 0px; padding: 0px; box-sizing: border-box;\" \/>Profundidade: 0,56cm<\/p>\n","protected":false},"excerpt":{"rendered":"<p>Equipamento robusto, econ\u00f4mico e inovador para secar c\u00e3es e gatos com seguran\u00e7a, rapidez e conforto. Com tecnologia avan\u00e7ada e design inteligente, esta m\u00e1quina profissional foi desenvolvida para transformar a experi\u00eancia de banho e tosa em um processo mais \u00e1gil, silencioso e agrad\u00e1vel para o animal. A Secadora Pet proporciona uma secagem uniforme e eficiente, sem [&hellip;]<\/p>\n","protected":false},"featured_media":295,"comment_status":"open","ping_status":"closed","template":"","meta":[],"product_brand":[],"product_cat":[33],"product_tag":[],"class_list":{"0":"post-259","1":"product","2":"type-product","3":"status-publish","4":"has-post-thumbnail","6":"product_cat-genesis","8":"first","9":"instock","10":"shipping-taxable","11":"product-type-external"},"_links":{"self":[{"href":"https:\/\/ead.pet\/secadorapet\/wp-json\/wp\/v2\/product\/259","targetHints":{"allow":["GET"]}}],"collection":[{"href":"https:\/\/ead.pet\/secadorapet\/wp-json\/wp\/v2\/product"}],"about":[{"href":"https:\/\/ead.pet\/secadorapet\/wp-json\/wp\/v2\/types\/product"}],"replies":[{"embeddable":true,"href":"https:\/\/ead.pet\/secadorapet\/wp-json\/wp\/v2\/comments?post=259"}],"wp:featuredmedia":[{"embeddable":true,"href":"https:\/\/ead.pet\/secadorapet\/wp-json\/wp\/v2\/media\/295"}],"wp:attachment":[{"href":"https:\/\/ead.pet\/secadorapet\/wp-json\/wp\/v2\/media?parent=259"}],"wp:term":[{"taxonomy":"product_brand","embeddable":true,"href":"https:\/\/ead.pet\/secadorapet\/wp-json\/wp\/v2\/product_brand?post=259"},{"taxonomy":"product_cat","embeddable":true,"href":"https:\/\/ead.pet\/secadorapet\/wp-json\/wp\/v2\/product_cat?post=259"},{"taxonomy":"product_tag","embeddable":true,"href":"https:\/\/ead.pet\/secadorapet\/wp-json\/wp\/v2\/product_tag?post=259"}],"curies":[{"name":"wp","href":"https:\/\/api.w.org\/{rel}","templated":true}]}}