{"id":201,"date":"2025-10-09T11:26:05","date_gmt":"2025-10-09T14:26:05","guid":{"rendered":"https:\/\/ead.pet\/secadorapet\/carrinho\/"},"modified":"2025-10-09T12:25:40","modified_gmt":"2025-10-09T15:25:40","slug":"carrinho","status":"publish","type":"page","link":"https:\/\/ead.pet\/secadorapet\/carrinho\/","title":{"rendered":"Carrinho"},"content":{"rendered":"\n<div data-block-name=\"woocommerce\/cart\" class=\"wp-block-woocommerce-cart alignwide is-loading\">\n<div data-block-name=\"woocommerce\/filled-cart-block\" class=\"wp-block-woocommerce-filled-cart-block\">\n<div data-block-name=\"woocommerce\/cart-items-block\" class=\"wp-block-woocommerce-cart-items-block\">\n<div data-block-name=\"woocommerce\/cart-line-items-block\" class=\"wp-block-woocommerce-cart-line-items-block\"><\/div>\n\n\n<\/div>\n\n\n\n\n<div data-block-name=\"woocommerce\/cart-totals-block\" class=\"wp-block-woocommerce-cart-totals-block\">\n<div data-block-name=\"woocommerce\/cart-order-summary-block\" class=\"wp-block-woocommerce-cart-order-summary-block\">\n<div data-block-name=\"woocommerce\/cart-order-summary-heading-block\" class=\"wp-block-woocommerce-cart-order-summary-heading-block\"><\/div><div data-block-name=\"woocommerce\/cart-order-summary-coupon-form-block\" class=\"wp-block-woocommerce-cart-order-summary-coupon-form-block\"><\/div><div data-block-name=\"woocommerce\/cart-order-summary-totals-block\" class=\"wp-block-woocommerce-cart-order-summary-totals-block\">\n<div data-block-name=\"woocommerce\/cart-order-summary-subtotal-block\" class=\"wp-block-woocommerce-cart-order-summary-subtotal-block\"><\/div>\n<div data-block-name=\"woocommerce\/cart-order-summary-discount-block\" class=\"wp-block-woocommerce-cart-order-summary-discount-block\"><\/div>\n<div data-block-name=\"woocommerce\/cart-order-summary-fee-block\" class=\"wp-block-woocommerce-cart-order-summary-fee-block\"><\/div>\n<div data-block-name=\"woocommerce\/cart-order-summary-shipping-block\" class=\"wp-block-woocommerce-cart-order-summary-shipping-block\"><\/div>\n<div data-block-name=\"woocommerce\/cart-order-summary-taxes-block\" class=\"wp-block-woocommerce-cart-order-summary-taxes-block\"><\/div><\/div>\n<\/div>\n\n\n\n<div data-block-name=\"woocommerce\/cart-express-payment-block\" class=\"wp-block-woocommerce-cart-express-payment-block\"><\/div>\n\n\n\n<div data-block-name=\"woocommerce\/proceed-to-checkout-block\" class=\"wp-block-woocommerce-proceed-to-checkout-block\"><\/div>\n\n\n\n<div data-block-name=\"woocommerce\/cart-accepted-payment-methods-block\" class=\"wp-block-woocommerce-cart-accepted-payment-methods-block\"><\/div>\n<\/div>\n<\/div>\n\n\n\n<div data-block-name=\"woocommerce\/empty-cart-block\" class=\"wp-block-woocommerce-empty-cart-block\">\n<h2 class=\"wp-block-heading has-text-align-center with-empty-cart-icon wc-block-cart__empty-cart__title\">Seu carrinho est\u00e1 vazio no momento!<\/h2>\n\n\n\n<hr class=\"wp-block-separator has-alpha-channel-opacity is-style-dots\"\/>\n\n\n\n<h2 class=\"wp-block-heading has-text-align-center\">Novo na loja<\/h2>\n\n\n<div data-block-name=\"woocommerce\/product-new\" data-columns=\"4\" data-rows=\"1\" class=\"wc-block-grid wp-block-product-new wp-block-woocommerce-product-new wc-block-product-new has-4-columns\"><ul class=\"wc-block-grid__products\"><li class=\"wc-block-grid__product\">\n\t\t\t\t<a href=\"https:\/\/ead.pet\/secadorapet\/produto\/maquina-de-secar-pet-dual-force-usada\/\" class=\"wc-block-grid__product-link\">\n\t\t\t\t\t\n\t\t\t\t\t<div class=\"wc-block-grid__product-image\"><img fetchpriority=\"high\" decoding=\"async\" width=\"400\" height=\"400\" src=\"https:\/\/ead.pet\/secadorapet\/wp-content\/uploads\/2025\/10\/maquina-de-secar-400x400.jpg\" class=\"attachment-woocommerce_thumbnail size-woocommerce_thumbnail\" alt=\"M\u00e1quina de secar Pet dual force - Usada\" srcset=\"https:\/\/ead.pet\/secadorapet\/wp-content\/uploads\/2025\/10\/maquina-de-secar-400x400.jpg 400w, https:\/\/ead.pet\/secadorapet\/wp-content\/uploads\/2025\/10\/maquina-de-secar-100x100.jpg 100w\" sizes=\"(max-width: 400px) 100vw, 400px\" \/><\/div>\n\t\t\t\t\t<div class=\"wc-block-grid__product-title\">M\u00e1quina de secar Pet dual force &#8211; Usada<\/div>\n\t\t\t\t<\/a>\n\t\t\t\t<div class=\"wc-block-grid__product-price price\"><span class=\"woocommerce-Price-amount amount\"><span class=\"woocommerce-Price-currencySymbol\">&#082;&#036;<\/span>&nbsp;7.000,00<\/span><\/div>\n\t\t\t\t\n\t\t\t\t<div class=\"wp-block-button wc-block-grid__product-add-to-cart\"><a href=\"\/secadorapet\/wp-json\/wp\/v2\/pages\/201?add-to-cart=352\" aria-label=\"Adicione ao carrinho: &ldquo;M\u00e1quina de secar Pet dual force - Usada&rdquo;\" data-quantity=\"1\" data-product_id=\"352\" data-product_sku=\"\" data-price=\"7000\" rel=\"nofollow\" class=\"wp-block-button__link  add_to_cart_button ajax_add_to_cart\">Adicionar ao carrinho<\/a><\/div>\n\t\t\t<\/li><li class=\"wc-block-grid__product\">\n\t\t\t\t<a href=\"https:\/\/ead.pet\/secadorapet\/produto\/maquina-secadora-topline-genesis\/\" class=\"wc-block-grid__product-link\">\n\t\t\t\t\t\n\t\t\t\t\t<div class=\"wc-block-grid__product-image\"><img decoding=\"async\" width=\"400\" height=\"400\" src=\"https:\/\/ead.pet\/secadorapet\/wp-content\/uploads\/2025\/10\/IMG-20251010-WA0021-400x400.jpg\" class=\"attachment-woocommerce_thumbnail size-woocommerce_thumbnail\" alt=\"Maquina Secadora TopLine - Genesis\" srcset=\"https:\/\/ead.pet\/secadorapet\/wp-content\/uploads\/2025\/10\/IMG-20251010-WA0021-400x400.jpg 400w, https:\/\/ead.pet\/secadorapet\/wp-content\/uploads\/2025\/10\/IMG-20251010-WA0021-100x100.jpg 100w, https:\/\/ead.pet\/secadorapet\/wp-content\/uploads\/2025\/10\/IMG-20251010-WA0021-600x600.jpg 600w, https:\/\/ead.pet\/secadorapet\/wp-content\/uploads\/2025\/10\/IMG-20251010-WA0021-300x300.jpg 300w, https:\/\/ead.pet\/secadorapet\/wp-content\/uploads\/2025\/10\/IMG-20251010-WA0021-150x150.jpg 150w, https:\/\/ead.pet\/secadorapet\/wp-content\/uploads\/2025\/10\/IMG-20251010-WA0021-768x768.jpg 768w, https:\/\/ead.pet\/secadorapet\/wp-content\/uploads\/2025\/10\/IMG-20251010-WA0021.jpg 800w\" sizes=\"(max-width: 400px) 100vw, 400px\" \/><\/div>\n\t\t\t\t\t<div class=\"wc-block-grid__product-title\">Maquina Secadora TopLine &#8211; Genesis<\/div>\n\t\t\t\t<\/a>\n\t\t\t\t<div class=\"wc-block-grid__product-price price\"><span class=\"woocommerce-Price-amount amount\"><span class=\"woocommerce-Price-currencySymbol\">&#082;&#036;<\/span>&nbsp;10.990,00<\/span><\/div>\n\t\t\t\t\n\t\t\t\t<div class=\"wp-block-button wc-block-grid__product-add-to-cart\"><a href=\"https:\/\/www.yahzoo.com.br\/secadora-automatica-de-animais\/prod-10725349\/\" aria-label=\"Comprar &ldquo;Maquina Secadora TopLine - Genesis&rdquo;\" data-quantity=\"1\" data-product_id=\"260\" data-product_sku=\"\" data-price=\"10990\" rel=\"nofollow\" class=\"wp-block-button__link  add_to_cart_button\">Comprar produto<\/a><\/div>\n\t\t\t<\/li><li class=\"wc-block-grid__product\">\n\t\t\t\t<a href=\"https:\/\/ead.pet\/secadorapet\/produto\/maquina-secadora-topline-2\/\" class=\"wc-block-grid__product-link\">\n\t\t\t\t\t\n\t\t\t\t\t<div class=\"wc-block-grid__product-image\"><img decoding=\"async\" width=\"400\" height=\"400\" src=\"https:\/\/ead.pet\/secadorapet\/wp-content\/uploads\/2025\/10\/genesis26-400x400.jpg\" class=\"attachment-woocommerce_thumbnail size-woocommerce_thumbnail\" alt=\"Maquina Secadora de animais- Genesis - 1 motor\" srcset=\"https:\/\/ead.pet\/secadorapet\/wp-content\/uploads\/2025\/10\/genesis26-400x400.jpg 400w, https:\/\/ead.pet\/secadorapet\/wp-content\/uploads\/2025\/10\/genesis26-100x100.jpg 100w, https:\/\/ead.pet\/secadorapet\/wp-content\/uploads\/2025\/10\/genesis26-150x150.jpg 150w\" sizes=\"(max-width: 400px) 100vw, 400px\" \/><\/div>\n\t\t\t\t\t<div class=\"wc-block-grid__product-title\">Maquina Secadora de animais- Genesis &#8211; 1 motor<\/div>\n\t\t\t\t<\/a>\n\t\t\t\t<div class=\"wc-block-grid__product-price price\"><span class=\"woocommerce-Price-amount amount\"><span class=\"woocommerce-Price-currencySymbol\">&#082;&#036;<\/span>&nbsp;8.999,00<\/span><\/div>\n\t\t\t\t\n\t\t\t\t<div class=\"wp-block-button wc-block-grid__product-add-to-cart\"><a href=\"https:\/\/www.yahzoo.com.br\/copia-de-secadora-automatica-de-animais-1-motor\/prod-10725521\/\" aria-label=\"Comprar &ldquo;Maquina Secadora de animais- Genesis - 1 motor&rdquo;\" data-quantity=\"1\" data-product_id=\"259\" data-product_sku=\"\" data-price=\"8999\" rel=\"nofollow\" class=\"wp-block-button__link  add_to_cart_button\">Comprar produto<\/a><\/div>\n\t\t\t<\/li><li class=\"wc-block-grid__product\">\n\t\t\t\t<a href=\"https:\/\/ead.pet\/secadorapet\/produto\/maquina-secadora-topline\/\" class=\"wc-block-grid__product-link\">\n\t\t\t\t\t\n\t\t\t\t\t<div class=\"wc-block-grid__product-image\"><img loading=\"lazy\" decoding=\"async\" width=\"400\" height=\"400\" src=\"https:\/\/ead.pet\/secadorapet\/wp-content\/uploads\/2025\/10\/genesis7-400x400.jpg\" class=\"attachment-woocommerce_thumbnail size-woocommerce_thumbnail\" alt=\"Maquina Secadora TopLine\" srcset=\"https:\/\/ead.pet\/secadorapet\/wp-content\/uploads\/2025\/10\/genesis7-400x400.jpg 400w, https:\/\/ead.pet\/secadorapet\/wp-content\/uploads\/2025\/10\/genesis7-100x100.jpg 100w, https:\/\/ead.pet\/secadorapet\/wp-content\/uploads\/2025\/10\/genesis7-150x150.jpg 150w\" sizes=\"(max-width: 400px) 100vw, 400px\" \/><\/div>\n\t\t\t\t\t<div class=\"wc-block-grid__product-title\">Maquina Secadora TopLine<\/div>\n\t\t\t\t<\/a>\n\t\t\t\t<div class=\"wc-block-grid__product-price price\"><span class=\"woocommerce-Price-amount amount\"><span class=\"woocommerce-Price-currencySymbol\">&#082;&#036;<\/span>&nbsp;10.990,00<\/span><\/div>\n\t\t\t\t\n\t\t\t\t<div class=\"wp-block-button wc-block-grid__product-add-to-cart\"><a href=\"https:\/\/www.yahzoo.com.br\/secadora-automatica-de-animais\/prod-10725349\/Equipamento%20robusto,%20econ\u00f4mico%20e%20inovador%20para%20secar%20c\u00e3es%20e%20gatos%20com%20seguran\u00e7a,%20rapidez%20e%20conforto.%20Com%20tecnologia%20avan\u00e7ada%20e%20design%20inteligente,%20esta%20m\u00e1quina%20profissional%20foi%20desenvolvida%20para%20transformar%20a%20experi\u00eancia%20de%20banho%20e%20tosa%20em%20um%20processo%20mais%20\u00e1gil,%20silencioso%20e%20agrad\u00e1vel%20para%20o%20animal.%20%20%20%20%20%20%20%20Gra\u00e7as%20aos%20seus%20dois%20motores%20potentes%20e%20exclusivos,%20a%20Secadora%20Pet%20proporciona%20uma%20secagem%20uniforme%20e%20eficiente,%20sem%20pontos%20cegos.%20O%20sistema%20de%20turbilhonamento%20de%20ar%20distribui%20o%20calor%20de%20forma%20controlada,%20deixando%20o%20pelo%20seco%20e%20macio,%20em%20poucos%20minutos,%20mesmo%20em%20c\u00e3es%20de%20grande%20porte%20(at\u00e9%20150%20kg).%20%20%20%20%20Com%20consumo%20m\u00e9dio%20de%20apenas%20640W,%20\u00e9%20at\u00e9%2065%%20mais%20econ\u00f4mica%20do%20que%20secadores%20profissionais%20manuais%20.%20%20Controle%20de%20temperatura%20inteligente%20%20Ajuste%20preciso%20da%20temperatura%20at\u00e9%2035\u00baC,%20proporcionando%20m\u00e1ximo%20conforto%20e%20seguran\u00e7a%20para%20os%20pets,%20sem%20risco%20de%20superaquecimento%20ou%20danos%20\u00e0%20pele%20e%20aos%20pelos.%20%20Com%20capacidade%20de%20secar%20de%2010%20a%2015%20animais%20por%20hora,%20%20O%20funcionamento%20mais%20silencioso%20do%20mercado%20%20Dispon\u00edvel%20em%20v\u00e1rias%20cores%20%20Especifica\u00e7\u00f5es%20T\u00e9cnicas%20%20Pot\u00eancia%20Total:%202400W%20%20Consumo%20M\u00e9dio:%20640W%20%20%20%20%20Dimens\u00f5es:%20%20%20%20%20Capacidade%20m\u00e1xima:%20at\u00e9%20150%20kg%20%20Sistema%20de%20secagem:%20Turbilhonamento%20de%20ar%20com%20dois%20motores%20%20Controle%20de%20temperatura:%20At\u00e9%2035\u00baC%20%20Comprimento:%201,60m%20Altura:%201,00m%20Profundidade:%200,56cm\" aria-label=\"Comprar &ldquo;Maquina Secadora TopLine&rdquo;\" data-quantity=\"1\" data-product_id=\"254\" data-product_sku=\"\" data-price=\"10990\" rel=\"nofollow\" class=\"wp-block-button__link  add_to_cart_button\">Comprar produto<\/a><\/div>\n\t\t\t<\/li><\/ul><\/div><\/div>\n<\/div>\n","protected":false},"excerpt":{"rendered":"","protected":false},"author":1,"featured_media":0,"parent":0,"menu_order":0,"comment_status":"closed","ping_status":"closed","template":"","meta":{"footnotes":""},"class_list":["post-201","page","type-page","status-publish","hentry"],"_links":{"self":[{"href":"https:\/\/ead.pet\/secadorapet\/wp-json\/wp\/v2\/pages\/201","targetHints":{"allow":["GET"]}}],"collection":[{"href":"https:\/\/ead.pet\/secadorapet\/wp-json\/wp\/v2\/pages"}],"about":[{"href":"https:\/\/ead.pet\/secadorapet\/wp-json\/wp\/v2\/types\/page"}],"author":[{"embeddable":true,"href":"https:\/\/ead.pet\/secadorapet\/wp-json\/wp\/v2\/users\/1"}],"replies":[{"embeddable":true,"href":"https:\/\/ead.pet\/secadorapet\/wp-json\/wp\/v2\/comments?post=201"}],"version-history":[{"count":1,"href":"https:\/\/ead.pet\/secadorapet\/wp-json\/wp\/v2\/pages\/201\/revisions"}],"predecessor-version":[{"id":255,"href":"https:\/\/ead.pet\/secadorapet\/wp-json\/wp\/v2\/pages\/201\/revisions\/255"}],"wp:attachment":[{"href":"https:\/\/ead.pet\/secadorapet\/wp-json\/wp\/v2\/media?parent=201"}],"curies":[{"name":"wp","href":"https:\/\/api.w.org\/{rel}","templated":true}]}}